{"id":3,"date":"2024-08-19T23:18:14","date_gmt":"2024-08-19T21:18:14","guid":{"rendered":"http:\/\/feniks.local\/?page_id=3"},"modified":"2026-01-23T12:53:23","modified_gmt":"2026-01-23T11:53:23","slug":"polityka-prywatnosci","status":"publish","type":"page","link":"https:\/\/feniks-meble.pl\/index.php\/polityka-prywatnosci\/","title":{"rendered":"Polityka prywatno\u015bci"},"content":{"rendered":"\t\t<div data-elementor-type=\"wp-page\" data-elementor-id=\"3\" class=\"elementor elementor-3\" data-elementor-post-type=\"page\">\n\t\t\t\t<div class=\"elementor-element elementor-element-a4d0828 e-flex e-con-boxed e-con e-parent\" data-id=\"a4d0828\" data-element_type=\"container\" data-e-type=\"container\">\n\t\t\t\t\t<div class=\"e-con-inner\">\n\t\t\t\t<div class=\"elementor-element elementor-element-30b0213 elementor-widget elementor-widget-shortcode\" data-id=\"30b0213\" data-element_type=\"widget\" data-e-type=\"widget\" data-widget_type=\"shortcode.default\">\n\t\t\t\t<div class=\"elementor-widget-container\">\n\t\t\t\t\t\t\t<div class=\"elementor-shortcode\">\t\t<div data-elementor-type=\"section\" data-elementor-id=\"4432\" class=\"elementor elementor-4432\" data-elementor-post-type=\"elementor_library\">\n\t\t\t<div class=\"elementor-element elementor-element-ee77c51 e-flex e-con-boxed e-con e-parent\" data-id=\"ee77c51\" data-element_type=\"container\" data-e-type=\"container\">\n\t\t\t\t\t<div class=\"e-con-inner\">\n\t\t\t\t<div class=\"elementor-element elementor-element-a65f9c6 elementor-widget__width-inherit elementor-widget elementor-widget-image\" data-id=\"a65f9c6\" data-element_type=\"widget\" data-e-type=\"widget\" data-widget_type=\"image.default\">\n\t\t\t\t<div class=\"elementor-widget-container\">\n\t\t\t\t\t\t\t\t\t\t\t\t\t\t\t<img fetchpriority=\"high\" decoding=\"async\" width=\"1024\" height=\"139\" src=\"https:\/\/feniks-meble.pl\/wp-content\/uploads\/2026\/01\/eu-loga-projektu-1024x139.webp\" class=\"attachment-large size-large wp-image-4603\" alt=\"\" srcset=\"https:\/\/feniks-meble.pl\/wp-content\/uploads\/2026\/01\/eu-loga-projektu-1024x139.webp 1024w, https:\/\/feniks-meble.pl\/wp-content\/uploads\/2026\/01\/eu-loga-projektu-300x41.webp 300w, https:\/\/feniks-meble.pl\/wp-content\/uploads\/2026\/01\/eu-loga-projektu-768x105.webp 768w, https:\/\/feniks-meble.pl\/wp-content\/uploads\/2026\/01\/eu-loga-projektu.webp 1028w\" sizes=\"(max-width: 1024px) 100vw, 1024px\" \/>\t\t\t\t\t\t\t\t\t\t\t\t\t\t\t<\/div>\n\t\t\t\t<\/div>\n\t\t\t\t\t<\/div>\n\t\t\t\t<\/div>\n\t\t\t\t<\/div>\n\t\t<\/div>\n\t\t\t\t\t\t<\/div>\n\t\t\t\t<\/div>\n\t\t\t\t\t<\/div>\n\t\t\t\t<\/div>\n\t\t<div class=\"elementor-element elementor-element-700e1704 e-flex e-con-boxed e-con e-parent\" data-id=\"700e1704\" data-element_type=\"container\" data-e-type=\"container\">\n\t\t\t\t\t<div class=\"e-con-inner\">\n\t\t\t\t<div class=\"elementor-element elementor-element-a73264a elementor-widget elementor-widget-text-editor\" data-id=\"a73264a\" data-element_type=\"widget\" data-e-type=\"widget\" data-widget_type=\"text-editor.default\">\n\t\t\t\t<div class=\"elementor-widget-container\">\n\t\t\t\t\t\t\t\t\t\n<p>W zwi\u0105zku z wej\u015bciem w \u017cycie w dniu 25 maja 2018 r. przepis\u00f3w o ochronie danych osobowych, zgodnie z ustaw\u0105 z dnia 10 maja 2018 roku o ochronie danych osobowych (Dz.U. z 2018 roku,\u00a0 poz. 1000) oraz Rozporz\u0105dzeniem Parlamentu Europejskiego i Rady (UE) 2016\/679 z dnia 27 kwietnia 2016 r. w sprawie ochrony os\u00f3b fizycznych w zwi\u0105zku z przetwarzaniem danych osobowych i w sprawie swobodnego przep\u0142ywu takich danych oraz uchylenia dyrektywy 95\/46\/WE (Art. 13 ROD) prosimy Pa\u0144stwa o zapoznanie si\u0119 z poni\u017csz\u0105 informacj\u0105:<\/p>\n\n\n\n<ol class=\"wp-block-list\">\n<li><strong>Administrator danych osobowych<\/strong><\/li>\n<\/ol>\n\n\n\n<p>Administratorem Pa\u0144stwa danych osobowych jest firma Feniks Zak\u0142ad Produkcji Mebli Sp. z o. o., z siedzib\u0105 w Wolny Dw\u00f3r 48, 83-250 Skarszewy, wpisana do Krajowego Rejestru S\u0105dowego, prowadzonego przez S\u0105d Rejonowy Gda\u0144sk \u2013 P\u00f3\u0142noc w Gda\u0144sku, VII Wydzia\u0142 Gospodarczy Krajowego Rejestru S\u0105dowego pod numerem KRS: 0000123453, NIP: 5921998214, REGON: 192761900. Tel. +48585600330, email: <a href=\"mailto:sekretariat@feniks-meble.pl\">sekretariat@feniks-meble.pl<\/a><\/p>\n\n\n\n<ol start=\"2\" class=\"wp-block-list\">\n<li><strong>Cel przetwarzania danych osobowych:<\/strong><\/li>\n<\/ol>\n\n\n\n<p>Pana\/Pani dane osobowe s\u0105 przetwarzane na potrzeby nawi\u0105zania kontaktu w celach informacyjnych zwi\u0105zanych z dzia\u0142alno\u015bci\u0105 firmy, w zwi\u0105zku z realizacj\u0105 wsp\u00f3\u0142pracy handlowej (Art. 6 ust. 1 lit. c RODO), przesy\u0142aniem informacji o charakterze handlowym i marketingowym (Art. 6 ust. 1 lit. a RODO).<\/p>\n\n\n\n<ol start=\"3\" class=\"wp-block-list\">\n<li><strong>Przys\u0142uguje Pani\/Panu:<\/strong><\/li>\n<\/ol>\n\n\n\n<ul class=\"wp-block-list\">\n<li>prawo dost\u0119pu do swoich danych (w oparciu o art. 15 RODO);<\/li>\n\n\n\n<li>prawo do sprostowania swoich danych (w oparciu o art. 16 RODO);<\/li>\n\n\n\n<li>prawo do usuni\u0119cia danych przez administratora (w oparciu o art. 17 RODO);<\/li>\n\n\n\n<li>prawo do ograniczenia przetwarzania danych (w oparciu o art. 18 RODO);<\/li>\n\n\n\n<li>prawo do wniesienia sprzeciwu wobec przetwarzania danych (w oparciu o art. 21 RODO);<\/li>\n\n\n\n<li>prawo do przenoszenia danych (w oparciu o art. 20 RODO);<\/li>\n\n\n\n<li>prawo do wniesienia skargi do organu nadzorczego przestrzeganie przepis\u00f3w ochrony danych osobowych, Prezesa Urz\u0119du Ochrony Danych Osobowych (w oparciu o art. 77 RODO);<\/li>\n\n\n\n<li>prawo do wycofania zgody na przetwarzanie danych osobowych. Cofni\u0119cie zgody nie b\u0119dzie wp\u0142ywa\u0107 na zgodno\u015b\u0107 z prawem przetwarzania, kt\u00f3rego dokonano na podstawie Pana\/Pani zgody przed jej wycofaniem (w oparciu o art. 7 pkt. 3 RODO).<\/li>\n<\/ul>\n\n\n\n<ol start=\"4\" class=\"wp-block-list\">\n<li><strong>Okres przechowywania danych:<\/strong><\/li>\n<\/ol>\n\n\n\n<ul class=\"wp-block-list\">\n<li>w przypadku, w jakim podstaw\u0105 przetwarzania danych jest udzielona zgoda, dane osobowe b\u0119d\u0105 przetwarzane do czasu jej wycofania,<\/li>\n\n\n\n<li>w przypadku, w jakim podstaw\u0105 przetwarzania danych jest prawnie uzasadniony interes realizowany przez Administratora, dane b\u0119d\u0105 przetwarzane do czasu wniesienia sprzeciwu lub do momentu przedawnienia roszcze\u0144 lub do momentu wyga\u015bni\u0119cia obowi\u0105zku przechowywania danych wynikaj\u0105cego z przepis\u00f3w prawa.<\/li>\n<\/ul>\n\n\n\n<ol start=\"5\" class=\"wp-block-list\">\n<li><strong>Odbiorcy danych:<\/strong><br>Pani\/Pana dane osobowe b\u0119d\u0105 udost\u0119pniane podmiotom, z kt\u00f3rymi Administrator wsp\u00f3\u0142pracuje przy realizacji cel\u00f3w przetwarzania oraz podmiotom i organom, kt\u00f3rym Administrator jest zobowi\u0105zany lub upowa\u017cniony udost\u0119pni\u0107 dane osobowe na podstawie powszechnie obowi\u0105zuj\u0105cych przepis\u00f3w prawa, m.in. firmy kurierskie, pocztowe, jak r\u00f3wnie\u017c odbiorcy\/dostawcy administratora.<\/li>\n\n\n\n<li><strong>Podanie przez Pana\/Pani\u0105 danych osobowych jest dobrowolne, ale konieczne dla cel\u00f3w kontaktowych.<\/strong><\/li>\n\n\n\n<li><strong>Pani\/Pana dane osobowe nie b\u0119d\u0105 przetwarzane w spos\u00f3b zautomatyzowany z podejmowaniem decyzji w tym profilowaniu.<\/strong><\/li>\n<\/ol>\n\n\n\n<div style=\"height:100px\" aria-hidden=\"true\" class=\"wp-block-spacer\"><\/div>\n\t\t\t\t\t\t\t\t<\/div>\n\t\t\t\t<\/div>\n\t\t\t\t\t<\/div>\n\t\t\t\t<\/div>\n\t\t\t\t<\/div>\n\t\t","protected":false},"excerpt":{"rendered":"<p>W zwi\u0105zku z wej\u015bciem w \u017cycie w dniu 25 maja 2018 r. przepis\u00f3w o ochronie danych osobowych, zgodnie z ustaw\u0105 z dnia 10 maja 2018 roku o ochronie danych osobowych (Dz.U. z 2018 roku,\u00a0 poz. 1000) oraz Rozporz\u0105dzeniem Parlamentu Europejskiego i Rady (UE) 2016\/679 z dnia 27 kwietnia 2016 r. w sprawie ochrony os\u00f3b fizycznych<a href=\"https:\/\/feniks-meble.pl\/index.php\/polityka-prywatnosci\/\" class=\"block mt-5\">Czytaj dalej <span class=\"sr-only\">&#8222;Polityka prywatno\u015bci&#8221;<\/span><\/a><\/p>\n","protected":false},"author":1,"featured_media":0,"parent":0,"menu_order":0,"comment_status":"closed","ping_status":"closed","template":"","meta":{"_acf_changed":false,"footnotes":""},"class_list":["post-3","page","type-page","status-publish","hentry"],"acf":[],"_links":{"self":[{"href":"https:\/\/feniks-meble.pl\/index.php\/wp-json\/wp\/v2\/pages\/3","targetHints":{"allow":["GET"]}}],"collection":[{"href":"https:\/\/feniks-meble.pl\/index.php\/wp-json\/wp\/v2\/pages"}],"about":[{"href":"https:\/\/feniks-meble.pl\/index.php\/wp-json\/wp\/v2\/types\/page"}],"author":[{"embeddable":true,"href":"https:\/\/feniks-meble.pl\/index.php\/wp-json\/wp\/v2\/users\/1"}],"replies":[{"embeddable":true,"href":"https:\/\/feniks-meble.pl\/index.php\/wp-json\/wp\/v2\/comments?post=3"}],"version-history":[{"count":9,"href":"https:\/\/feniks-meble.pl\/index.php\/wp-json\/wp\/v2\/pages\/3\/revisions"}],"predecessor-version":[{"id":4515,"href":"https:\/\/feniks-meble.pl\/index.php\/wp-json\/wp\/v2\/pages\/3\/revisions\/4515"}],"wp:attachment":[{"href":"https:\/\/feniks-meble.pl\/index.php\/wp-json\/wp\/v2\/media?parent=3"}],"curies":[{"name":"wp","href":"https:\/\/api.w.org\/{rel}","templated":true}]}}